{"id":5410,"date":"2022-02-07T06:09:26","date_gmt":"2022-02-07T01:09:26","guid":{"rendered":"https:\/\/schooltime.summerhillschool.edu.co\/?page_id=5410"},"modified":"2025-11-14T20:11:31","modified_gmt":"2025-11-14T15:11:31","slug":"inicio","status":"publish","type":"page","link":"https:\/\/schooltime.summerhillschool.edu.co\/","title":{"rendered":"inicio"},"content":{"rendered":"\t\t<div data-elementor-type=\"wp-page\" data-elementor-id=\"5410\" class=\"elementor elementor-5410\" data-elementor-post-type=\"page\">\n\t\t\t\t\t\t<section class=\"elementor-section elementor-top-section elementor-element elementor-element-fd7500c elementor-section-full_width elementor-section-height-default elementor-section-height-default\" data-id=\"fd7500c\" data-element_type=\"section\" data-e-type=\"section\">\n\t\t\t\t\t\t<div class=\"elementor-container elementor-column-gap-default\">\n\t\t\t\t\t\t<\/div>\n\t\t<\/section>\n\t\t\t\t<section class=\"elementor-section elementor-top-section elementor-element elementor-element-8973eca elementor-section-full_width elementor-section-height-default elementor-section-height-default\" data-id=\"8973eca\" data-element_type=\"section\" data-e-type=\"section\">\n\t\t\t\t\t\t<div class=\"elementor-container elementor-column-gap-default\">\n\t\t\t\t\t<div class=\"elementor-column elementor-col-50 elementor-top-column elementor-element elementor-element-14346ba\" data-id=\"14346ba\" data-element_type=\"column\" data-e-type=\"column\">\n\t\t\t<div class=\"elementor-widget-wrap\">\n\t\t\t\t\t\t\t<\/div>\n\t\t<\/div>\n\t\t\t\t<div class=\"elementor-column elementor-col-50 elementor-top-column elementor-element elementor-element-2eedb74\" data-id=\"2eedb74\" data-element_type=\"column\" data-e-type=\"column\">\n\t\t\t<div class=\"elementor-widget-wrap\">\n\t\t\t\t\t\t\t<\/div>\n\t\t<\/div>\n\t\t\t\t<div class=\"elementor-column elementor-col-100 elementor-top-column elementor-element elementor-element-a7f6d63\" data-id=\"a7f6d63\" data-element_type=\"column\" data-e-type=\"column\">\n\t\t\t<div class=\"elementor-widget-wrap\">\n\t\t\t\t\t\t\t<\/div>\n\t\t<\/div>\n\t\t\t\t<div class=\"elementor-column elementor-col-100 elementor-top-column elementor-element elementor-element-f3d61f1\" data-id=\"f3d61f1\" data-element_type=\"column\" data-e-type=\"column\">\n\t\t\t<div class=\"elementor-widget-wrap\">\n\t\t\t\t\t\t\t<\/div>\n\t\t<\/div>\n\t\t\t\t<div class=\"elementor-column elementor-col-100 elementor-top-column elementor-element elementor-element-dc6c0f5\" data-id=\"dc6c0f5\" data-element_type=\"column\" data-e-type=\"column\">\n\t\t\t<div class=\"elementor-widget-wrap\">\n\t\t\t\t\t\t\t<\/div>\n\t\t<\/div>\n\t\t\t\t\t<\/div>\n\t\t<\/section>\n\t\t\t\t<section class=\"elementor-section elementor-top-section elementor-element elementor-element-9821844 elementor-section-boxed elementor-section-height-default elementor-section-height-default\" data-id=\"9821844\" data-element_type=\"section\" data-e-type=\"section\">\n\t\t\t\t\t\t<div class=\"elementor-container elementor-column-gap-default\">\n\t\t\t\t\t<div class=\"elementor-column elementor-col-25 elementor-top-column elementor-element elementor-element-d8c2ec2\" data-id=\"d8c2ec2\" data-element_type=\"column\" data-e-type=\"column\">\n\t\t\t<div class=\"elementor-widget-wrap elementor-element-populated\">\n\t\t\t\t\t\t<div class=\"elementor-element elementor-element-476965b elementor-widget elementor-widget-image\" data-id=\"476965b\" data-element_type=\"widget\" data-e-type=\"widget\" data-widget_type=\"image.default\">\n\t\t\t\t<div class=\"elementor-widget-container\">\n\t\t\t\t\t\t\t\t\t\t\t\t\t\t\t\t<a href=\"https:\/\/schooltime.summerhillschool.edu.co\/index.php\/category\/deportes\/\">\n\t\t\t\t\t\t\t<img fetchpriority=\"high\" decoding=\"async\" width=\"608\" height=\"608\" src=\"https:\/\/schooltime.summerhillschool.edu.co\/wp-content\/uploads\/2025\/04\/deportes-2.webp\" class=\"attachment-large size-large wp-image-8101\" alt=\"\" srcset=\"https:\/\/schooltime.summerhillschool.edu.co\/wp-content\/uploads\/2025\/04\/deportes-2.webp 645w, https:\/\/schooltime.summerhillschool.edu.co\/wp-content\/uploads\/2025\/04\/deportes-2-300x300.webp 300w, https:\/\/schooltime.summerhillschool.edu.co\/wp-content\/uploads\/2025\/04\/deportes-2-150x150.webp 150w, https:\/\/schooltime.summerhillschool.edu.co\/wp-content\/uploads\/2025\/04\/deportes-2-450x450.webp 450w, https:\/\/schooltime.summerhillschool.edu.co\/wp-content\/uploads\/2025\/04\/deportes-2-600x600.webp 600w\" sizes=\"(max-width: 608px) 100vw, 608px\" \/>\t\t\t\t\t\t\t\t<\/a>\n\t\t\t\t\t\t\t\t\t\t\t\t\t\t\t<\/div>\n\t\t\t\t<\/div>\n\t\t\t\t<div class=\"elementor-element elementor-element-78e0b3f elementor-widget elementor-widget-image\" data-id=\"78e0b3f\" data-element_type=\"widget\" data-e-type=\"widget\" data-widget_type=\"image.default\">\n\t\t\t\t<div class=\"elementor-widget-container\">\n\t\t\t\t\t\t\t\t\t\t\t\t\t\t\t\t<a href=\"https:\/\/schooltime.summerhillschool.edu.co\/index.php\/category\/tecnologia\/\">\n\t\t\t\t\t\t\t<img decoding=\"async\" width=\"608\" height=\"605\" src=\"https:\/\/schooltime.summerhillschool.edu.co\/wp-content\/uploads\/2025\/04\/tecnologia.webp\" class=\"attachment-large size-large wp-image-8104\" alt=\"\" srcset=\"https:\/\/schooltime.summerhillschool.edu.co\/wp-content\/uploads\/2025\/04\/tecnologia.webp 646w, https:\/\/schooltime.summerhillschool.edu.co\/wp-content\/uploads\/2025\/04\/tecnologia-300x300.webp 300w, https:\/\/schooltime.summerhillschool.edu.co\/wp-content\/uploads\/2025\/04\/tecnologia-150x150.webp 150w, https:\/\/schooltime.summerhillschool.edu.co\/wp-content\/uploads\/2025\/04\/tecnologia-301x300.webp 301w\" sizes=\"(max-width: 608px) 100vw, 608px\" \/>\t\t\t\t\t\t\t\t<\/a>\n\t\t\t\t\t\t\t\t\t\t\t\t\t\t\t<\/div>\n\t\t\t\t<\/div>\n\t\t\t\t\t<\/div>\n\t\t<\/div>\n\t\t\t\t<div class=\"elementor-column elementor-col-25 elementor-top-column elementor-element elementor-element-1db9abe\" data-id=\"1db9abe\" data-element_type=\"column\" data-e-type=\"column\">\n\t\t\t<div class=\"elementor-widget-wrap elementor-element-populated\">\n\t\t\t\t\t\t<div class=\"elementor-element elementor-element-d22b26f elementor-widget elementor-widget-image\" data-id=\"d22b26f\" data-element_type=\"widget\" data-e-type=\"widget\" data-widget_type=\"image.default\">\n\t\t\t\t<div class=\"elementor-widget-container\">\n\t\t\t\t\t\t\t\t\t\t\t\t\t\t\t\t<a href=\"https:\/\/schooltime.summerhillschool.edu.co\/index.php\/category\/entretenimiento\/\">\n\t\t\t\t\t\t\t<img decoding=\"async\" width=\"608\" height=\"606\" src=\"https:\/\/schooltime.summerhillschool.edu.co\/wp-content\/uploads\/2025\/04\/entretenimiento.webp\" class=\"attachment-large size-large wp-image-8102\" alt=\"\" srcset=\"https:\/\/schooltime.summerhillschool.edu.co\/wp-content\/uploads\/2025\/04\/entretenimiento.webp 646w, https:\/\/schooltime.summerhillschool.edu.co\/wp-content\/uploads\/2025\/04\/entretenimiento-300x300.webp 300w, https:\/\/schooltime.summerhillschool.edu.co\/wp-content\/uploads\/2025\/04\/entretenimiento-150x150.webp 150w, https:\/\/schooltime.summerhillschool.edu.co\/wp-content\/uploads\/2025\/04\/entretenimiento-450x450.webp 450w, https:\/\/schooltime.summerhillschool.edu.co\/wp-content\/uploads\/2025\/04\/entretenimiento-301x300.webp 301w\" sizes=\"(max-width: 608px) 100vw, 608px\" \/>\t\t\t\t\t\t\t\t<\/a>\n\t\t\t\t\t\t\t\t\t\t\t\t\t\t\t<\/div>\n\t\t\t\t<\/div>\n\t\t\t\t<div class=\"elementor-element elementor-element-1b266cb elementor-widget elementor-widget-image\" data-id=\"1b266cb\" data-element_type=\"widget\" data-e-type=\"widget\" data-widget_type=\"image.default\">\n\t\t\t\t<div class=\"elementor-widget-container\">\n\t\t\t\t\t\t\t\t\t\t\t\t\t\t\t\t<a href=\"https:\/\/schooltime.summerhillschool.edu.co\/index.php\/category\/tendencias\/\">\n\t\t\t\t\t\t\t<img loading=\"lazy\" decoding=\"async\" width=\"608\" height=\"605\" src=\"https:\/\/schooltime.summerhillschool.edu.co\/wp-content\/uploads\/2025\/04\/tendencias.webp\" class=\"attachment-large size-large wp-image-8105\" alt=\"\" srcset=\"https:\/\/schooltime.summerhillschool.edu.co\/wp-content\/uploads\/2025\/04\/tendencias.webp 646w, https:\/\/schooltime.summerhillschool.edu.co\/wp-content\/uploads\/2025\/04\/tendencias-300x300.webp 300w, https:\/\/schooltime.summerhillschool.edu.co\/wp-content\/uploads\/2025\/04\/tendencias-150x150.webp 150w, https:\/\/schooltime.summerhillschool.edu.co\/wp-content\/uploads\/2025\/04\/tendencias-301x300.webp 301w\" sizes=\"(max-width: 608px) 100vw, 608px\" \/>\t\t\t\t\t\t\t\t<\/a>\n\t\t\t\t\t\t\t\t\t\t\t\t\t\t\t<\/div>\n\t\t\t\t<\/div>\n\t\t\t\t\t<\/div>\n\t\t<\/div>\n\t\t\t\t<div class=\"elementor-column elementor-col-25 elementor-top-column elementor-element elementor-element-56875ec\" data-id=\"56875ec\" data-element_type=\"column\" data-e-type=\"column\">\n\t\t\t<div class=\"elementor-widget-wrap elementor-element-populated\">\n\t\t\t\t\t\t<div class=\"elementor-element elementor-element-f911c2c elementor-widget elementor-widget-image\" data-id=\"f911c2c\" data-element_type=\"widget\" data-e-type=\"widget\" data-widget_type=\"image.default\">\n\t\t\t\t<div class=\"elementor-widget-container\">\n\t\t\t\t\t\t\t\t\t\t\t\t\t\t\t\t<a href=\"https:\/\/schooltime.summerhillschool.edu.co\/index.php\/category\/variedades-idiomaticas\/\">\n\t\t\t\t\t\t\t<img loading=\"lazy\" decoding=\"async\" width=\"608\" height=\"605\" src=\"https:\/\/schooltime.summerhillschool.edu.co\/wp-content\/uploads\/2025\/04\/idiomaticas.webp\" class=\"attachment-large size-large wp-image-8103\" alt=\"\" srcset=\"https:\/\/schooltime.summerhillschool.edu.co\/wp-content\/uploads\/2025\/04\/idiomaticas.webp 646w, https:\/\/schooltime.summerhillschool.edu.co\/wp-content\/uploads\/2025\/04\/idiomaticas-300x300.webp 300w, https:\/\/schooltime.summerhillschool.edu.co\/wp-content\/uploads\/2025\/04\/idiomaticas-150x150.webp 150w, https:\/\/schooltime.summerhillschool.edu.co\/wp-content\/uploads\/2025\/04\/idiomaticas-301x300.webp 301w\" sizes=\"(max-width: 608px) 100vw, 608px\" \/>\t\t\t\t\t\t\t\t<\/a>\n\t\t\t\t\t\t\t\t\t\t\t\t\t\t\t<\/div>\n\t\t\t\t<\/div>\n\t\t\t\t\t<\/div>\n\t\t<\/div>\n\t\t\t\t<div class=\"elementor-column elementor-col-25 elementor-top-column elementor-element elementor-element-3d7c18f\" data-id=\"3d7c18f\" data-element_type=\"column\" data-e-type=\"column\">\n\t\t\t<div class=\"elementor-widget-wrap elementor-element-populated\">\n\t\t\t\t\t\t<div class=\"elementor-element elementor-element-635c16b elementor-widget elementor-widget-heading\" data-id=\"635c16b\" data-element_type=\"widget\" data-e-type=\"widget\" data-widget_type=\"heading.default\">\n\t\t\t\t<div class=\"elementor-widget-container\">\n\t\t\t\t\t<h5 class=\"elementor-heading-title elementor-size-default\">OBJETIVO GENERAL<\/h5>\t\t\t\t<\/div>\n\t\t\t\t<\/div>\n\t\t\t\t<div class=\"elementor-element elementor-element-12a5fa0 elementor-widget elementor-widget-text-editor\" data-id=\"12a5fa0\" data-element_type=\"widget\" data-e-type=\"widget\" data-widget_type=\"text-editor.default\">\n\t\t\t\t<div class=\"elementor-widget-container\">\n\t\t\t\t\t\t\t\t\t<p style=\"padding-left: 40px; text-align: left;\"><span style=\"color: #ffffff;\">Compartir informaci\u00f3n de inter\u00e9s general con el fin de dinamizar procesos formativos, fortalecer habilidades comunicativas, entretener y despertar curiosidad dentro de la comunidad<\/span><\/p>\t\t\t\t\t\t\t\t<\/div>\n\t\t\t\t<\/div>\n\t\t\t\t<div class=\"elementor-element elementor-element-9f83303 elementor-widget elementor-widget-heading\" data-id=\"9f83303\" data-element_type=\"widget\" data-e-type=\"widget\" data-widget_type=\"heading.default\">\n\t\t\t\t<div class=\"elementor-widget-container\">\n\t\t\t\t\t<h5 class=\"elementor-heading-title elementor-size-default\">OBJETIVOS ESPEC\u00cdFICOS<\/h5>\t\t\t\t<\/div>\n\t\t\t\t<\/div>\n\t\t\t\t<div class=\"elementor-element elementor-element-41aa8b7 elementor-tabs-view-horizontal elementor-widget elementor-widget-tabs\" data-id=\"41aa8b7\" data-element_type=\"widget\" data-e-type=\"widget\" data-widget_type=\"tabs.default\">\n\t\t\t\t<div class=\"elementor-widget-container\">\n\t\t\t\t\t\t\t<div class=\"elementor-tabs\">\n\t\t\t<div class=\"elementor-tabs-wrapper\" role=\"tablist\" >\n\t\t\t\t\t\t\t\t\t<div id=\"elementor-tab-title-6881\" class=\"elementor-tab-title elementor-tab-desktop-title\" aria-selected=\"true\" data-tab=\"1\" role=\"tab\" tabindex=\"0\" aria-controls=\"elementor-tab-content-6881\" aria-expanded=\"false\">1<\/div>\n\t\t\t\t\t\t\t\t\t<div id=\"elementor-tab-title-6882\" class=\"elementor-tab-title elementor-tab-desktop-title\" aria-selected=\"false\" data-tab=\"2\" role=\"tab\" tabindex=\"-1\" aria-controls=\"elementor-tab-content-6882\" aria-expanded=\"false\">2<\/div>\n\t\t\t\t\t\t\t\t\t<div id=\"elementor-tab-title-6883\" class=\"elementor-tab-title elementor-tab-desktop-title\" aria-selected=\"false\" data-tab=\"3\" role=\"tab\" tabindex=\"-1\" aria-controls=\"elementor-tab-content-6883\" aria-expanded=\"false\">3<\/div>\n\t\t\t\t\t\t\t\t\t<div id=\"elementor-tab-title-6884\" class=\"elementor-tab-title elementor-tab-desktop-title\" aria-selected=\"false\" data-tab=\"4\" role=\"tab\" tabindex=\"-1\" aria-controls=\"elementor-tab-content-6884\" aria-expanded=\"false\">4<\/div>\n\t\t\t\t\t\t\t\t\t<div id=\"elementor-tab-title-6885\" class=\"elementor-tab-title elementor-tab-desktop-title\" aria-selected=\"false\" data-tab=\"5\" role=\"tab\" tabindex=\"-1\" aria-controls=\"elementor-tab-content-6885\" aria-expanded=\"false\">5<\/div>\n\t\t\t\t\t\t\t<\/div>\n\t\t\t<div class=\"elementor-tabs-content-wrapper\" role=\"tablist\" aria-orientation=\"vertical\">\n\t\t\t\t\t\t\t\t\t<div class=\"elementor-tab-title elementor-tab-mobile-title\" aria-selected=\"true\" data-tab=\"1\" role=\"tab\" tabindex=\"0\" aria-controls=\"elementor-tab-content-6881\" aria-expanded=\"false\">1<\/div>\n\t\t\t\t\t<div id=\"elementor-tab-content-6881\" class=\"elementor-tab-content elementor-clearfix\" data-tab=\"1\" role=\"tabpanel\" aria-labelledby=\"elementor-tab-title-6881\" tabindex=\"0\" hidden=\"false\"><p><span style=\"color: #ffffff;\">\u2022\u00a0Conformar un grupo de docentes encargados de la promoci\u00f3n de cada publicaci\u00f3n.<\/span><\/p><\/div>\n\t\t\t\t\t\t\t\t\t<div class=\"elementor-tab-title elementor-tab-mobile-title\" aria-selected=\"false\" data-tab=\"2\" role=\"tab\" tabindex=\"-1\" aria-controls=\"elementor-tab-content-6882\" aria-expanded=\"false\">2<\/div>\n\t\t\t\t\t<div id=\"elementor-tab-content-6882\" class=\"elementor-tab-content elementor-clearfix\" data-tab=\"2\" role=\"tabpanel\" aria-labelledby=\"elementor-tab-title-6882\" tabindex=\"0\" hidden=\"hidden\"><p><span style=\"color: #ffffff;\">\u2022 Buscar estrategias llamativas para motivar a la comunidad a participar y conocer las<\/span><\/p><p><span style=\"color: #ffffff;\">publicaciones (concursos, muestra de talentos, poes\u00eda, etc).<\/span><\/p><div>\u00a0<\/div><\/div>\n\t\t\t\t\t\t\t\t\t<div class=\"elementor-tab-title elementor-tab-mobile-title\" aria-selected=\"false\" data-tab=\"3\" role=\"tab\" tabindex=\"-1\" aria-controls=\"elementor-tab-content-6883\" aria-expanded=\"false\">3<\/div>\n\t\t\t\t\t<div id=\"elementor-tab-content-6883\" class=\"elementor-tab-content elementor-clearfix\" data-tab=\"3\" role=\"tabpanel\" aria-labelledby=\"elementor-tab-title-6883\" tabindex=\"0\" hidden=\"hidden\"><p><span style=\"color: #ffffff;\">\u2022 Realizar m\u00e1s actividades de nivel y de direcci\u00f3n de grupo para promover la publicaci\u00f3n.<\/span><\/p><p>\u00a0<\/p><\/div>\n\t\t\t\t\t\t\t\t\t<div class=\"elementor-tab-title elementor-tab-mobile-title\" aria-selected=\"false\" data-tab=\"4\" role=\"tab\" tabindex=\"-1\" aria-controls=\"elementor-tab-content-6884\" aria-expanded=\"false\">4<\/div>\n\t\t\t\t\t<div id=\"elementor-tab-content-6884\" class=\"elementor-tab-content elementor-clearfix\" data-tab=\"4\" role=\"tabpanel\" aria-labelledby=\"elementor-tab-title-6884\" tabindex=\"0\" hidden=\"hidden\"><p><span style=\"color: #ffffff; letter-spacing: -0.2px; word-spacing: 1.7px;\">\u2022 Integrar la plataforma Schooltime a la p\u00e1gina principal del colegio.<\/span><\/p><p style=\"font-style: normal; font-variant-ligatures: normal; font-variant-caps: normal; font-weight: 400; font-size: 17px; font-family: Roboto, sans-serif; letter-spacing: -0.2px; word-spacing: 1.7px;\"><span style=\"color: #ffffff;\">\u00a0la pesta\u00f1a<\/span><\/p><\/div>\n\t\t\t\t\t\t\t\t\t<div class=\"elementor-tab-title elementor-tab-mobile-title\" aria-selected=\"false\" data-tab=\"5\" role=\"tab\" tabindex=\"-1\" aria-controls=\"elementor-tab-content-6885\" aria-expanded=\"false\">5<\/div>\n\t\t\t\t\t<div id=\"elementor-tab-content-6885\" class=\"elementor-tab-content elementor-clearfix\" data-tab=\"5\" role=\"tabpanel\" aria-labelledby=\"elementor-tab-title-6885\" tabindex=\"0\" hidden=\"hidden\"><p>\u2022Realizar una publicaci\u00f3n cada bimestre y darse a conocer a toda la comunidad educativa.<\/p><\/div>\n\t\t\t\t\t\t\t<\/div>\n\t\t<\/div>\n\t\t\t\t\t\t<\/div>\n\t\t\t\t<\/div>\n\t\t\t\t\t<\/div>\n\t\t<\/div>\n\t\t\t\t\t<\/div>\n\t\t<\/section>\n\t\t\t\t<\/div>\n\t\t","protected":false},"excerpt":{"rendered":"<p>OBJETIVO GENERAL Compartir informaci\u00f3n de inter\u00e9s general con el fin de dinamizar procesos formativos, fortalecer habilidades comunicativas, entretener y despertar curiosidad dentro de la comunidad &hellip;<\/p>\n","protected":false},"author":54,"featured_media":0,"parent":0,"menu_order":0,"comment_status":"closed","ping_status":"closed","template":"elementor_header_footer","meta":{"footnotes":""},"class_list":["post-5410","page","type-page","status-publish","hentry"],"_links":{"self":[{"href":"https:\/\/schooltime.summerhillschool.edu.co\/index.php\/wp-json\/wp\/v2\/pages\/5410","targetHints":{"allow":["GET"]}}],"collection":[{"href":"https:\/\/schooltime.summerhillschool.edu.co\/index.php\/wp-json\/wp\/v2\/pages"}],"about":[{"href":"https:\/\/schooltime.summerhillschool.edu.co\/index.php\/wp-json\/wp\/v2\/types\/page"}],"author":[{"embeddable":true,"href":"https:\/\/schooltime.summerhillschool.edu.co\/index.php\/wp-json\/wp\/v2\/users\/54"}],"replies":[{"embeddable":true,"href":"https:\/\/schooltime.summerhillschool.edu.co\/index.php\/wp-json\/wp\/v2\/comments?post=5410"}],"version-history":[{"count":58,"href":"https:\/\/schooltime.summerhillschool.edu.co\/index.php\/wp-json\/wp\/v2\/pages\/5410\/revisions"}],"predecessor-version":[{"id":8452,"href":"https:\/\/schooltime.summerhillschool.edu.co\/index.php\/wp-json\/wp\/v2\/pages\/5410\/revisions\/8452"}],"wp:attachment":[{"href":"https:\/\/schooltime.summerhillschool.edu.co\/index.php\/wp-json\/wp\/v2\/media?parent=5410"}],"curies":[{"name":"wp","href":"https:\/\/api.w.org\/{rel}","templated":true}]}}